{"id":1632,"date":"2022-04-20T14:54:45","date_gmt":"2022-04-20T14:54:45","guid":{"rendered":"https:\/\/krausandkraus.com\/?page_id=1632"},"modified":"2022-05-25T11:19:32","modified_gmt":"2022-05-25T11:19:32","slug":"ueber-mich-meine-vision","status":"publish","type":"page","link":"https:\/\/krausandkraus.com\/en\/ueber-mich-meine-vision","title":{"rendered":"MEIN WEG"},"content":{"rendered":"\t\t<div data-elementor-type=\"wp-page\" data-elementor-id=\"1632\" class=\"elementor elementor-1632\">\n\t\t\t\t\t\t<section class=\"elementor-section elementor-top-section elementor-element elementor-element-efeb5e5 elementor-section-stretched elementor-section-boxed elementor-section-height-default elementor-section-height-default\" data-id=\"efeb5e5\" data-element_type=\"section\" data-settings=\"{&quot;stretch_section&quot;:&quot;section-stretched&quot;}\">\n\t\t\t\t\t\t<div class=\"elementor-container elementor-column-gap-default\">\n\t\t\t\t\t<div class=\"elementor-column elementor-col-100 elementor-top-column elementor-element elementor-element-360f070\" data-id=\"360f070\" data-element_type=\"column\">\n\t\t\t<div class=\"elementor-widget-wrap elementor-element-populated\">\n\t\t\t\t\t\t<div class=\"elementor-element elementor-element-48e5c92 elementor-widget elementor-widget-heading\" data-id=\"48e5c92\" data-element_type=\"widget\" data-widget_type=\"heading.default\">\n\t\t\t\t<div class=\"elementor-widget-container\">\n\t\t\t\t\t<h2 class=\"elementor-heading-title elementor-size-default\">\u00dcber mich &amp; meine Vision<br><\/h2>\t\t\t\t<\/div>\n\t\t\t\t<\/div>\n\t\t\t\t\t<\/div>\n\t\t<\/div>\n\t\t\t\t\t<\/div>\n\t\t<\/section>\n\t\t\t\t<section class=\"elementor-section elementor-top-section elementor-element elementor-element-d50effa elementor-section-stretched elementor-section-boxed elementor-section-height-default elementor-section-height-default\" data-id=\"d50effa\" data-element_type=\"section\" data-settings=\"{&quot;stretch_section&quot;:&quot;section-stretched&quot;}\">\n\t\t\t\t\t\t<div class=\"elementor-container elementor-column-gap-default\">\n\t\t\t\t\t<div class=\"elementor-column elementor-col-50 elementor-top-column elementor-element elementor-element-8d08550\" data-id=\"8d08550\" data-element_type=\"column\">\n\t\t\t<div class=\"elementor-widget-wrap elementor-element-populated\">\n\t\t\t\t\t\t<div class=\"elementor-element elementor-element-1c7c112 elementor-widget elementor-widget-text-editor\" data-id=\"1c7c112\" data-element_type=\"widget\" data-widget_type=\"text-editor.default\">\n\t\t\t\t<div class=\"elementor-widget-container\">\n\t\t\t\t\t\t\t\t\t<p>Schon als Junge&#8230; turnen&#8230;.<\/p>\t\t\t\t\t\t\t\t<\/div>\n\t\t\t\t<\/div>\n\t\t\t\t\t<\/div>\n\t\t<\/div>\n\t\t\t\t<div class=\"elementor-column elementor-col-50 elementor-top-column elementor-element elementor-element-52420e1\" data-id=\"52420e1\" data-element_type=\"column\">\n\t\t\t<div class=\"elementor-widget-wrap elementor-element-populated\">\n\t\t\t\t\t\t<div class=\"elementor-element elementor-element-dac63fc elementor-widget elementor-widget-image\" data-id=\"dac63fc\" data-element_type=\"widget\" data-widget_type=\"image.default\">\n\t\t\t\t<div class=\"elementor-widget-container\">\n\t\t\t\t\t\t\t\t\t\t\t\t\t\t\t<img fetchpriority=\"high\" decoding=\"async\" width=\"750\" height=\"375\" src=\"https:\/\/krausandkraus.com\/wp-content\/uploads\/2019\/09\/IMG_3289_2000x1000_b-1024x512.jpg\" class=\"attachment-large size-large wp-image-732\" alt=\"\" srcset=\"https:\/\/krausandkraus.com\/wp-content\/uploads\/2019\/09\/IMG_3289_2000x1000_b-1024x512.jpg 1024w, https:\/\/krausandkraus.com\/wp-content\/uploads\/2019\/09\/IMG_3289_2000x1000_b-300x150.jpg 300w, https:\/\/krausandkraus.com\/wp-content\/uploads\/2019\/09\/IMG_3289_2000x1000_b-768x384.jpg 768w, https:\/\/krausandkraus.com\/wp-content\/uploads\/2019\/09\/IMG_3289_2000x1000_b.jpg 2000w\" sizes=\"(max-width: 750px) 100vw, 750px\" style=\"width:100%;height:50%;max-width:2000px\" \/>\t\t\t\t\t\t\t\t\t\t\t\t\t\t\t<\/div>\n\t\t\t\t<\/div>\n\t\t\t\t\t<\/div>\n\t\t<\/div>\n\t\t\t\t\t<\/div>\n\t\t<\/section>\n\t\t\t\t<section class=\"elementor-section elementor-top-section elementor-element elementor-element-4271855 elementor-section-boxed elementor-section-height-default elementor-section-height-default\" data-id=\"4271855\" data-element_type=\"section\">\n\t\t\t\t\t\t<div class=\"elementor-container elementor-column-gap-default\">\n\t\t\t\t\t<div class=\"elementor-column elementor-col-100 elementor-top-column elementor-element elementor-element-41103e9\" data-id=\"41103e9\" data-element_type=\"column\">\n\t\t\t<div class=\"elementor-widget-wrap elementor-element-populated\">\n\t\t\t\t\t\t<div class=\"elementor-element elementor-element-312e07f elementor-widget elementor-widget-heading\" data-id=\"312e07f\" data-element_type=\"widget\" data-widget_type=\"heading.default\">\n\t\t\t\t<div class=\"elementor-widget-container\">\n\t\t\t\t\t<h2 class=\"elementor-heading-title elementor-size-default\"><br>Wof\u00fcr ich brenne....<br><br>Warum ich mich oft nicht verstanden gef\u00fchlt habe...(und mir das immer noch begegnet).... <br><br>Meine Soul-Geschenke an humanity sind: \"peace of mind\"\/\"Balance\"\/ Individuality &amp; Oneness\/ Connection between all wisdom...<\/h2>\t\t\t\t<\/div>\n\t\t\t\t<\/div>\n\t\t\t\t\t<\/div>\n\t\t<\/div>\n\t\t\t\t\t<\/div>\n\t\t<\/section>\n\t\t\t\t<\/div>\n\t\t","protected":false},"excerpt":{"rendered":"<p>\u00dcber mich &amp; meine Vision Schon als Junge&#8230; turnen&#8230;. Wof\u00fcr ich brenne&#8230;. Warum ich mich oft nicht verstanden gef\u00fchlt habe&#8230;(und mir das immer noch begegnet)&#8230;. Meine Soul-Geschenke an humanity sind: &#8220;peace of mind&#8221;\/&#8221;Balance&#8221;\/ Individuality &amp; Oneness\/ Connection between all wisdom&#8230;<\/p>\n","protected":false},"author":1,"featured_media":0,"parent":0,"menu_order":0,"comment_status":"closed","ping_status":"closed","template":"","meta":{"bgseo_title":"","bgseo_description":"","bgseo_robots_index":"","bgseo_robots_follow":"","footnotes":""},"class_list":["post-1632","page","type-page","status-publish","hentry","entry"],"translation":{"provider":"WPGlobus","version":"3.0.2","language":"en","enabled_languages":["de","en"],"languages":{"de":{"title":true,"content":true,"excerpt":false},"en":{"title":false,"content":false,"excerpt":false}}},"_links":{"self":[{"href":"https:\/\/krausandkraus.com\/en\/wp-json\/wp\/v2\/pages\/1632","targetHints":{"allow":["GET"]}}],"collection":[{"href":"https:\/\/krausandkraus.com\/en\/wp-json\/wp\/v2\/pages"}],"about":[{"href":"https:\/\/krausandkraus.com\/en\/wp-json\/wp\/v2\/types\/page"}],"author":[{"embeddable":true,"href":"https:\/\/krausandkraus.com\/en\/wp-json\/wp\/v2\/users\/1"}],"replies":[{"embeddable":true,"href":"https:\/\/krausandkraus.com\/en\/wp-json\/wp\/v2\/comments?post=1632"}],"version-history":[{"count":20,"href":"https:\/\/krausandkraus.com\/en\/wp-json\/wp\/v2\/pages\/1632\/revisions"}],"predecessor-version":[{"id":1816,"href":"https:\/\/krausandkraus.com\/en\/wp-json\/wp\/v2\/pages\/1632\/revisions\/1816"}],"wp:attachment":[{"href":"https:\/\/krausandkraus.com\/en\/wp-json\/wp\/v2\/media?parent=1632"}],"curies":[{"name":"wp","href":"https:\/\/api.w.org\/{rel}","templated":true}]}}